{"id":14936,"date":"2024-05-05T19:57:48","date_gmt":"2024-05-05T19:57:48","guid":{"rendered":"https:\/\/sauplant.pl\/?post_type=product&#038;p=14936"},"modified":"2024-05-05T19:57:48","modified_gmt":"2024-05-05T19:57:48","slug":"truskawki-2","status":"publish","type":"product","link":"https:\/\/sauplant.pl\/en\/product\/truskawki-2\/","title":{"rendered":"Truskawka Mix karton 1 kg"},"content":{"rendered":"<p>Truskawki Mix.<\/p>\n<p>Podana cena dotyczy kilograma Truskawki<\/p>\n<p>Minimalne zam\u00f3wienie 10 kg.<\/p>\n<p>Pakowana w:<\/p>\n<p>Karton 1 kg<\/p>\n<p>Przy braku opakowa\u0144 na wymian\u0119, koszt opakowa\u0144 zostaje doliczony do zakupu.<\/p>\n<p>* opakowania na wymian\u0119 powinny by\u0107 w dobrym stanie<\/p>","protected":false},"excerpt":{"rendered":"<p>Truskawki Mix.<\/p>\n<p>Podana cena dotyczy kilograma Truskawki<\/p>\n<p>Minimalne zam\u00f3wienie 10 kg.<\/p>\n<p>Pakowana w:<\/p>\n<p>Karton 1 kg<\/p>\n<p>Przy braku opakowa\u0144 na wymian\u0119, koszt opakowa\u0144 zostaje doliczony do zakupu.<\/p>\n<p>* opakowania na wymian\u0119 powinny by\u0107 w dobrym stanie<\/p>","protected":false},"featured_media":14910,"comment_status":"open","ping_status":"closed","template":"","meta":{"_monsterinsights_skip_tracking":false,"_monsterinsights_sitenote_active":false,"_monsterinsights_sitenote_note":"","_monsterinsights_sitenote_category":0},"product_cat":[58],"product_tag":[],"class_list":{"0":"post-14936","1":"product","2":"type-product","3":"status-publish","4":"has-post-thumbnail","6":"product_cat-truskawki","8":"first","9":"instock","10":"shipping-taxable","11":"purchasable","12":"product-type-simple"},"aioseo_notices":[],"_links":{"self":[{"href":"https:\/\/sauplant.pl\/en\/wp-json\/wp\/v2\/product\/14936","targetHints":{"allow":["GET"]}}],"collection":[{"href":"https:\/\/sauplant.pl\/en\/wp-json\/wp\/v2\/product"}],"about":[{"href":"https:\/\/sauplant.pl\/en\/wp-json\/wp\/v2\/types\/product"}],"replies":[{"embeddable":true,"href":"https:\/\/sauplant.pl\/en\/wp-json\/wp\/v2\/comments?post=14936"}],"wp:featuredmedia":[{"embeddable":true,"href":"https:\/\/sauplant.pl\/en\/wp-json\/wp\/v2\/media\/14910"}],"wp:attachment":[{"href":"https:\/\/sauplant.pl\/en\/wp-json\/wp\/v2\/media?parent=14936"}],"wp:term":[{"taxonomy":"product_cat","embeddable":true,"href":"https:\/\/sauplant.pl\/en\/wp-json\/wp\/v2\/product_cat?post=14936"},{"taxonomy":"product_tag","embeddable":true,"href":"https:\/\/sauplant.pl\/en\/wp-json\/wp\/v2\/product_tag?post=14936"}],"curies":[{"name":"wp","href":"https:\/\/api.w.org\/{rel}","templated":true}]}}