{"id":14929,"date":"2024-05-05T18:03:52","date_gmt":"2024-05-05T18:03:52","guid":{"rendered":"https:\/\/sauplant.pl\/?post_type=product&#038;p=14929"},"modified":"2024-05-05T19:48:42","modified_gmt":"2024-05-05T19:48:42","slug":"truskawki-male-karton-1-kg","status":"publish","type":"product","link":"https:\/\/sauplant.pl\/en\/product\/truskawki-male-karton-1-kg\/","title":{"rendered":"OKAZJA!  Aukcja!  Truskawka Du\u017ca karton 1 kg  ilo\u015b\u0107 200kg"},"content":{"rendered":"<p>Truskawki. Du\u017ce selekcjonowane.<\/p>\n<p>Cena aukcyjna dotyczy ca\u0142o\u015bci 200 kg.<\/p>\n<p>Licytowanie co 100 z\u0142<\/p>\n<p>Pakowana w:<\/p>\n<p>Karton 1 kg<\/p>\n<p>Przy braku opakowa\u0144 na wymian\u0119, koszt opakowa\u0144 zostaje doliczony do zakupu.<\/p>\n<p>* opakowania na wymian\u0119 powinny by\u0107 w dobrym stanie<\/p>","protected":false},"excerpt":{"rendered":"<p>Truskawki. Du\u017ce selekcjonowane.<\/p>\n<p>Cena aukcyjna dotyczy ca\u0142o\u015bci 200 kg.<\/p>\n<p>Licytowanie co 100 z\u0142<\/p>\n<p>Pakowana w:<\/p>\n<p>Karton 1 kg<\/p>\n<p>Przy braku opakowa\u0144 na wymian\u0119, koszt opakowa\u0144 zostaje doliczony do zakupu.<\/p>\n<p>* opakowania na wymian\u0119 powinny by\u0107 w dobrym stanie<\/p>","protected":false},"featured_media":14910,"comment_status":"open","ping_status":"closed","template":"","meta":{"_monsterinsights_skip_tracking":false,"_monsterinsights_sitenote_active":false,"_monsterinsights_sitenote_note":"","_monsterinsights_sitenote_category":0},"product_cat":[58],"product_tag":[],"class_list":{"0":"post-14929","1":"product","2":"type-product","3":"status-publish","4":"has-post-thumbnail","6":"product_cat-truskawki","8":"first","9":"instock","10":"sold-individually","11":"shipping-taxable","12":"product-type-auction"},"aioseo_notices":[],"_links":{"self":[{"href":"https:\/\/sauplant.pl\/en\/wp-json\/wp\/v2\/product\/14929","targetHints":{"allow":["GET"]}}],"collection":[{"href":"https:\/\/sauplant.pl\/en\/wp-json\/wp\/v2\/product"}],"about":[{"href":"https:\/\/sauplant.pl\/en\/wp-json\/wp\/v2\/types\/product"}],"replies":[{"embeddable":true,"href":"https:\/\/sauplant.pl\/en\/wp-json\/wp\/v2\/comments?post=14929"}],"wp:featuredmedia":[{"embeddable":true,"href":"https:\/\/sauplant.pl\/en\/wp-json\/wp\/v2\/media\/14910"}],"wp:attachment":[{"href":"https:\/\/sauplant.pl\/en\/wp-json\/wp\/v2\/media?parent=14929"}],"wp:term":[{"taxonomy":"product_cat","embeddable":true,"href":"https:\/\/sauplant.pl\/en\/wp-json\/wp\/v2\/product_cat?post=14929"},{"taxonomy":"product_tag","embeddable":true,"href":"https:\/\/sauplant.pl\/en\/wp-json\/wp\/v2\/product_tag?post=14929"}],"curies":[{"name":"wp","href":"https:\/\/api.w.org\/{rel}","templated":true}]}}