{"id":14540,"date":"2024-04-23T15:33:35","date_gmt":"2024-04-23T15:33:35","guid":{"rendered":"https:\/\/sauplant.pl\/?page_id=14540"},"modified":"2026-03-28T00:53:26","modified_gmt":"2026-03-28T00:53:26","slug":"kontakt","status":"publish","type":"page","link":"https:\/\/sauplant.pl\/en\/kontakt\/","title":{"rendered":"Contact Us"},"content":{"rendered":"<div class=\"wpb-content-wrapper\"><div class=\"vc-custom-col-spacing clearfix vc-col-spacing-30\"><section class=\"wpb_row vc_row-fluid row-content-position-Default\"><div class=\"agrikole-container\"><div class=\"row-inner clearfix\"><div class=\"wpb_column vc_column_container vc_col-sm-12\"><div class=\"vc_column-inner\"><div class=\"wpb_wrapper\"><div class=\"agrikole-content-box clearfix\" ><div class=\"vc-custom-col-inner-spacing clearfix vc-col-inner-spacing-30\"><div class=\"wpb_row vc_inner vc_row-fluid\"><div class=\"wpb_column vc_column_container vc_col-sm-6 position-relative\"><div class=\"vc_column-inner\"><div class=\"wpb_wrapper\">\r\n\t<div class=\"agrikole-spacer clearfix\" data-desktop=\"60\" data-mobi=\"30\" data-smobi=\"30\"><\/div><div class=\"agrikole-headings clearfix\" data-font=\"70\" data-mfont=\"60\" style=\"\"><div class=\"pre-heading clearfix\" style=\"font-weight:600;color:#ffffff;font-size:14px;letter-spacing:3px;\">\r\n\t\tSKONTAKTUJ SI\u0118 Z NAMI\r\n\t<\/div><h2 class=\"heading clearfix\" style=\"color:#ffffff;line-height:70px;font-size:70px;\">\r\n\t\tNAPISZ WIADOMO\u015a\u0106\r\n\t<\/h2><div class=\"sep clearfix\" style=\"margin:5px 0 0;\">\r\n\t\t\t\t<img decoding=\"async\" alt=\"image\" src=\"https:\/\/sauplant.pl\/wp-content\/uploads\/2020\/01\/separator.png\">\r\n\t\t\t<\/div><\/div>\r\n\t<div class=\"agrikole-spacer clearfix\" data-desktop=\"56\" data-mobi=\"40\" data-smobi=\"40\"><\/div><div class=\"agrikole-content-box clearfix\" data-padding=\"0px 105px 0px 0px\" data-mobipadding=\"0px 0px 0px 0px\" data-margin=\"\" data-mobimargin=\"\" >\r\n\t\t<div class=\"inner ctb-1129968113\" style=\"\"  data-background=\"\" data-border-style=\"solid\" data-border-style-hover=\"solid\">\r\n\t\t\t<div class=\"agrikole-cf7  bg-white btn-accent\">\n<div class=\"wpcf7 no-js\" id=\"wpcf7-f4437-o1\" lang=\"en-US\" dir=\"ltr\" data-wpcf7-id=\"4437\">\n<div class=\"screen-reader-response\"><p role=\"status\" aria-live=\"polite\" aria-atomic=\"true\"><\/p> <ul><\/ul><\/div>\n<form action=\"\/en\/wp-json\/wp\/v2\/pages\/14540#wpcf7-f4437-o1\" method=\"post\" class=\"wpcf7-form init\" aria-label=\"Contact form\" novalidate=\"novalidate\" data-status=\"init\" data-trp-original-action=\"\/en\/wp-json\/wp\/v2\/pages\/14540#wpcf7-f4437-o1\">\n<fieldset class=\"hidden-fields-container\"><input type=\"hidden\" name=\"_wpcf7\" value=\"4437\" \/><input type=\"hidden\" name=\"_wpcf7_version\" value=\"6.1.5\" \/><input type=\"hidden\" name=\"_wpcf7_locale\" value=\"en_US\" \/><input type=\"hidden\" name=\"_wpcf7_unit_tag\" value=\"wpcf7-f4437-o1\" \/><input type=\"hidden\" name=\"_wpcf7_container_post\" value=\"0\" \/><input type=\"hidden\" name=\"_wpcf7_posted_data_hash\" value=\"\" \/>\n<\/fieldset>\n<div class=\"input-wrap clearfix\">\n\t<div class=\"name-wrap\">\n\t\t<p><span class=\"wpcf7-form-control-wrap\" data-name=\"your-name\"><input size=\"40\" maxlength=\"400\" class=\"wpcf7-form-control wpcf7-text wpcf7-validates-as-required\" aria-required=\"true\" aria-invalid=\"false\" placeholder=\"Imi\u0119 i Nazwisko\" value=\"\" type=\"text\" name=\"your-name\" \/><\/span>\n\t\t<\/p>\n\t<\/div>\n\t<div class=\"email-wrap\">\n\t\t<p><span class=\"wpcf7-form-control-wrap\" data-name=\"your-email\"><input size=\"40\" maxlength=\"400\" class=\"wpcf7-form-control wpcf7-email wpcf7-validates-as-required wpcf7-text wpcf7-validates-as-email\" aria-required=\"true\" aria-invalid=\"false\" placeholder=\"Adres Email\" value=\"\" type=\"email\" name=\"your-email\" \/><\/span>\n\t\t<\/p>\n\t<\/div>\n<\/div>\n<div class=\"input-wrap clearfix\">\n\t<div class=\"phone-wrap\">\n\t\t<p><span class=\"wpcf7-form-control-wrap\" data-name=\"your-phone\"><input size=\"40\" maxlength=\"400\" class=\"wpcf7-form-control wpcf7-text wpcf7-validates-as-required\" aria-required=\"true\" aria-invalid=\"false\" placeholder=\"Tel\" value=\"\" type=\"text\" name=\"your-phone\" \/><\/span>\n\t\t<\/p>\n\t<\/div>\n\t<div class=\"subject-wrap\">\n\t\t<p><span class=\"wpcf7-form-control-wrap\" data-name=\"your-subject\"><input size=\"40\" maxlength=\"400\" class=\"wpcf7-form-control wpcf7-text wpcf7-validates-as-required\" aria-required=\"true\" aria-invalid=\"false\" placeholder=\"Temat\" value=\"\" type=\"text\" name=\"your-subject\" \/><\/span>\n\t\t<\/p>\n\t<\/div>\n<\/div>\n<div class=\"message-wrap\">\n\t<p><span class=\"wpcf7-form-control-wrap\" data-name=\"your-message\"><textarea cols=\"40\" rows=\"10\" maxlength=\"2000\" class=\"wpcf7-form-control wpcf7-textarea\" aria-invalid=\"false\" placeholder=\"Napisz Wiadomo\u015b\u0107\" name=\"your-message\"><\/textarea><\/span>\n\t<\/p>\n<\/div>\n<div class=\"submit-wrap\">\n\t<p><span><input class=\"wpcf7-form-control wpcf7-submit has-spinner\" type=\"submit\" value=\"Wy\u015blij Wiadomo\u015b\u0107\" \/><\/span>\n\t<\/p>\n<\/div><div class=\"wpcf7-response-output\" aria-hidden=\"true\"><\/div>\n<input type=\"hidden\" name=\"trp-form-language\" value=\"en\"\/><\/form>\n<\/div>\n<\/div>\r\n\t\t<\/div>\r\n\t<\/div>\r\n\t<div class=\"agrikole-spacer clearfix\" data-desktop=\"50\" data-mobi=\"20\" data-smobi=\"30\"><\/div><\/div><\/div><span class=\"vc-row-half-bg left\" style=\"background-color:#5b8c51;border-radius:0px 5px 0px 0px;\"><\/span><\/div><div class=\"wpb_column vc_column_container vc_col-sm-6\"><div class=\"vc_column-inner\"><div class=\"wpb_wrapper\"><div class=\"agrikole-content-box clearfix  display-flex justify-content-center\" data-padding=\"0px 40px 100px 40px\" data-mobipadding=\"40px 10px 40px 10px\" data-margin=\"\" data-mobimargin=\"\" >\r\n\t\t<div class=\"inner ctb-353348207\" style=\"\"  data-background=\"\" data-border-style=\"solid\" data-border-style-hover=\"solid\">\r\n\t\t\t<div class=\"agrikole-simple-image simple\" style=\" max-width:360px;border-radius:5px;overflow:hidden;text-align:center; margin:0 auto;\">\r\n\t\t\t\t<img decoding=\"async\" alt=\"image\" src=\"https:\/\/sauplant.pl\/wp-content\/uploads\/2024\/04\/Lady.webp\" \/> \r\n\t\t\t<\/div>\r\n\t<div class=\"agrikole-spacer clearfix\" data-desktop=\"30\" data-mobi=\"25\" data-smobi=\"25\"><\/div><div class=\"agrikole-headings clearfix text-center\" data-font=\"70\" data-mfont=\"60\" style=\"\"><div class=\"pre-heading clearfix\" style=\"font-weight:600;color:#5b8c51;font-size:14px;letter-spacing:3px;\">\r\n\t\tSKONTAKTUJ SI\u0118 Z NAMI\r\n\t<\/div><h2 class=\"heading clearfix\" style=\"line-height:70px;font-size:70px;\">\r\n\t\tMASZ PYTANIA?\r\n\t<\/h2><div class=\"sep clearfix\" style=\"margin:5px 0 0;\">\r\n\t\t\t\t<img decoding=\"async\" alt=\"image\" src=\"https:\/\/sauplant.pl\/wp-content\/uploads\/2020\/01\/separator.png\">\r\n\t\t\t<\/div><\/div>\r\n\t<div class=\"agrikole-spacer clearfix\" data-desktop=\"35\" data-mobi=\"35\" data-smobi=\"35\"><\/div>\n\t<div class=\"wpb_text_column wpb_content_element\" >\n\t\t<div class=\"wpb_wrapper\">\n\t\t\t<div style=\"text-align: center;\"><strong>Spamowcom m\u00f3wimy stanowcze \u201enie\u201d z pomoc\u0105 naszej truskawki!<\/strong><\/div>\n<div>\n<p>Zast\u0105p \ud83c\udf53 symbolem '@&#8217;, aby bezpiecznie dotrze\u0107 do naszej skrzynki.<\/p>\n<\/div>\n<div style=\"text-align: center; max-width: 370px; margin: 0 auto;\"><span>U\u017cyj formularza albo wy\u015blij maila: <\/span><\/div>\n<div style=\"text-align: center; max-width: 370px; margin: 0 auto;\"><span>info\ud83c\udf53sauplant.pl <\/span><\/div>\n<div style=\"text-align: center; max-width: 370px; margin: 0 auto;\"><span>b2b\ud83c\udf53sauplant.pl <\/span><\/div>\n<div style=\"text-align: center; max-width: 370px; margin: 0 auto;\"><span>kariera\ud83c\udf53sauplant.pl<\/span><\/div>\n\n\t\t<\/div>\n\t<\/div>\n\r\n\t<div class=\"agrikole-spacer clearfix\" data-desktop=\"42\" data-mobi=\"35\" data-smobi=\"35\"><\/div>\r\n\t\t<\/div>\r\n\t<\/div><\/div><\/div><\/div><\/div><\/div><\/div><\/div><\/div><\/div><\/div><\/div><\/section><\/div>\n<\/div>","protected":false},"excerpt":{"rendered":"SKONTAKTUJ SI\u0118 Z NAMI NAPISZ WIADOMO\u015a\u0106 SKONTAKTUJ SI\u0118 Z NAMI MASZ PYTANIA? Spamowcom m\u00f3wimy stanowcze \u201enie\u201d z pomoc\u0105 naszej truskawki! Zast\u0105p \ud83c\udf53 symbolem '@', aby bezpiecznie dotrze\u0107 do naszej skrzynki. U\u017cyj formularza albo wy\u015blij maila: info\ud83c\udf53sauplant.pl b2b\ud83c\udf53sauplant.pl kariera\ud83c\udf53sauplant.pl","protected":false},"author":1,"featured_media":0,"parent":0,"menu_order":0,"comment_status":"closed","ping_status":"closed","template":"","meta":{"_monsterinsights_skip_tracking":false,"_monsterinsights_sitenote_active":false,"_monsterinsights_sitenote_note":"","_monsterinsights_sitenote_category":0,"footnotes":""},"class_list":["post-14540","page","type-page","status-publish","hentry"],"aioseo_notices":[],"_links":{"self":[{"href":"https:\/\/sauplant.pl\/en\/wp-json\/wp\/v2\/pages\/14540","targetHints":{"allow":["GET"]}}],"collection":[{"href":"https:\/\/sauplant.pl\/en\/wp-json\/wp\/v2\/pages"}],"about":[{"href":"https:\/\/sauplant.pl\/en\/wp-json\/wp\/v2\/types\/page"}],"author":[{"embeddable":true,"href":"https:\/\/sauplant.pl\/en\/wp-json\/wp\/v2\/users\/1"}],"replies":[{"embeddable":true,"href":"https:\/\/sauplant.pl\/en\/wp-json\/wp\/v2\/comments?post=14540"}],"version-history":[{"count":10,"href":"https:\/\/sauplant.pl\/en\/wp-json\/wp\/v2\/pages\/14540\/revisions"}],"predecessor-version":[{"id":14768,"href":"https:\/\/sauplant.pl\/en\/wp-json\/wp\/v2\/pages\/14540\/revisions\/14768"}],"wp:attachment":[{"href":"https:\/\/sauplant.pl\/en\/wp-json\/wp\/v2\/media?parent=14540"}],"curies":[{"name":"wp","href":"https:\/\/api.w.org\/{rel}","templated":true}]}}