{"id":13363,"date":"2020-02-20T01:00:33","date_gmt":"2020-02-20T01:00:33","guid":{"rendered":"http:\/\/ninzio.com\/agrikole\/?page_id=13363"},"modified":"2026-03-28T00:37:34","modified_gmt":"2026-03-28T00:37:34","slug":"home-2","status":"publish","type":"page","link":"https:\/\/sauplant.pl\/en\/","title":{"rendered":"Strona g\u0142\u00f3wna"},"content":{"rendered":"<div class=\"wpb-content-wrapper\"><div class=\"vc-custom-col-spacing clearfix vc-col-spacing-30\"><section class=\"wpb_row vc_row-fluid row-content-position-Default\"><div class=\"agrikole-container\"><div class=\"row-inner clearfix\"><div class=\"wpb_column vc_column_container vc_col-sm-12\"><div class=\"vc_column-inner\"><div class=\"wpb_wrapper\">\n\t\t\t<!-- START Slider 02 REVOLUTION SLIDER 6.6.20 --><p class=\"rs-p-wp-fix\"><\/p>\n\t\t\t<rs-module-wrap id=\"rev_slider_2_1_wrapper\" data-source=\"gallery\" style=\"visibility:hidden;background:transparent;padding:0;margin:0px auto;margin-top:0;margin-bottom:0;\">\n\t\t\t\t<rs-module id=\"rev_slider_2_1\" style=\"\" data-version=\"6.6.20\">\n\t\t\t\t\t<rs-slides style=\"overflow: hidden; position: absolute;\">\n\t\t\t\t\t\t<rs-slide style=\"position: absolute;\" data-key=\"rs-4\" data-title=\"Slide\" data-thumb=\"\/\/sauplant.pl\/wp-content\/uploads\/2024\/04\/Main-Banner-1-50x100.jpg\" data-anim=\"f:random;\" data-in=\"o:0;r:ran(-45|45);sx:0;sy:0;row:5;col:5;\" data-out=\"a:false;\">\n\t\t\t\t\t\t\t<img decoding=\"async\" src=\"\/\/sauplant.pl\/wp-content\/plugins\/revslider\/public\/assets\/assets\/dummy.png\" alt=\"\" title=\"Main Banner 1\" width=\"1483\" height=\"612\" class=\"rev-slidebg tp-rs-img rs-lazyload\" data-lazyload=\"\/\/sauplant.pl\/wp-content\/uploads\/2024\/04\/Main-Banner-1.jpg\" data-no-retina>\n<!--\n\t\t\t\t\t\t\t--><rs-layer\n\t\t\t\t\t\t\t\tid=\"slider-2-slide-4-layer-0\" \n\t\t\t\t\t\t\t\tclass=\"heading-font\"\n\t\t\t\t\t\t\t\tdata-type=\"text\"\n\t\t\t\t\t\t\t\tdata-rsp_ch=\"on\"\n\t\t\t\t\t\t\t\tdata-xy=\"x:c;y:m;yo:-30px,-26px,-19px,-11px;\"\n\t\t\t\t\t\t\t\tdata-text=\"w:normal;s:150,150,124,78;l:136,136,112,69;fw:700;a:center;\"\n\t\t\t\t\t\t\t\tdata-dim=\"w:1127px,986px,749px,462px;\"\n\t\t\t\t\t\t\t\tdata-frame_0=\"y:50,43,32,19;\"\n\t\t\t\t\t\t\t\tdata-frame_1=\"st:700;sp:1000;\"\n\t\t\t\t\t\t\t\tdata-frame_999=\"o:0;st:w;\"\n\t\t\t\t\t\t\t\tstyle=\"z-index:9;font-family:'Amatic SC';\"\n\t\t\t\t\t\t\t>Truskawki deserowe \n\t\t\t\t\t\t\t<\/rs-layer><!--\n\n\t\t\t\t\t\t\t--><rs-layer\n\t\t\t\t\t\t\t\tid=\"slider-2-slide-4-layer-1\" \n\t\t\t\t\t\t\t\tdata-type=\"text\"\n\t\t\t\t\t\t\t\tdata-xy=\"x:c;y:m;yo:-152px,-173px,-151px,-120px;\"\n\t\t\t\t\t\t\t\tdata-text=\"w:normal;s:16,16,16,18;l:24;ls:3px,3px,2px,1px;fw:600;a:center;\"\n\t\t\t\t\t\t\t\tdata-rsp_bd=\"off\"\n\t\t\t\t\t\t\t\tdata-padding=\"t:12,11,8,5;r:40,35,27,17;b:12,11,8,5;l:40,35,27,17;\"\n\t\t\t\t\t\t\t\tdata-border=\"bor:5px,5px,5px,5px;\"\n\t\t\t\t\t\t\t\tdata-frame_0=\"y:50,43,32,19;\"\n\t\t\t\t\t\t\t\tdata-frame_1=\"st:300;sp:1000;\"\n\t\t\t\t\t\t\t\tdata-frame_999=\"o:0;st:w;\"\n\t\t\t\t\t\t\t\tstyle=\"z-index:10;background-color:rgba(255,255,255,0.1);font-family:'Barlow';\"\n\t\t\t\t\t\t\t>PYSZNE I SOCZYSTE \n\t\t\t\t\t\t\t<\/rs-layer><!--\n\n\t\t\t\t\t\t\t--><a\n\t\t\t\t\t\t\t\tid=\"slider-2-slide-4-layer-6\" \n\t\t\t\t\t\t\t\tclass=\"rs-layer rev-btn\"\n\t\t\t\t\t\t\t\thref=\"\/about-us\/\" target=\"_self\" rel=\"nofollow\"\n\t\t\t\t\t\t\t\tdata-type=\"button\"\n\t\t\t\t\t\t\t\tdata-color=\"#404a3d\"\n\t\t\t\t\t\t\t\tdata-xy=\"x:c;xo:1px,0,0,0;y:m;yo:137px,149px,129px,119px;\"\n\t\t\t\t\t\t\t\tdata-text=\"w:normal;s:20,20,20,20;l:42;fw:600;a:center;\"\n\t\t\t\t\t\t\t\tdata-dim=\"minh:0px,none,none,none;\"\n\t\t\t\t\t\t\t\tdata-rsp_bd=\"off\"\n\t\t\t\t\t\t\t\tdata-padding=\"t:19,17,13,8;r:50,44,33,20;b:19,17,13,8;l:50,44,33,20;\"\n\t\t\t\t\t\t\t\tdata-border=\"bor:5px,5px,5px,5px;\"\n\t\t\t\t\t\t\t\tdata-frame_0=\"y:50,43,32,19;\"\n\t\t\t\t\t\t\t\tdata-frame_1=\"st:1100;sp:1000;\"\n\t\t\t\t\t\t\t\tdata-frame_999=\"o:0;st:w;\"\n\t\t\t\t\t\t\t\tdata-frame_hover=\"c:#fff;bgc:#404a3d;bor:5px,5px,5px,5px;sp:300ms;e:power1.inOut;bri:120%;\"\n\t\t\t\t\t\t\t\tstyle=\"z-index:8;background-color:#eddd5e;font-family:'Barlow';\"\n\t\t\t\t\t\t\t>Dowiedz si\u0119 Wi\u0119cej \n\t\t\t\t\t\t\t<\/a><!--\n-->\t\t\t\t\t\t<\/rs-slide>\n\t\t\t\t\t\t<rs-slide style=\"position: absolute;\" data-key=\"rs-5\" data-title=\"Slide\" data-anim=\"f:random;\" data-in=\"o:0;r:ran(-45|45);sx:0;sy:0;row:5;col:5;\" data-out=\"a:false;\">\n\t\t\t\t\t\t\t<img decoding=\"async\" src=\"\/\/sauplant.pl\/wp-content\/plugins\/revslider\/public\/assets\/assets\/dummy.png\" alt=\"\" title=\"broad bean plants\" width=\"1792\" height=\"1024\" class=\"rev-slidebg tp-rs-img rs-lazyload\" data-lazyload=\"\/\/sauplant.pl\/wp-content\/uploads\/2024\/04\/broad-bean-plants.webp\" data-no-retina>\n<!--\n\t\t\t\t\t\t\t--><rs-layer\n\t\t\t\t\t\t\t\tid=\"slider-2-slide-5-layer-0\" \n\t\t\t\t\t\t\t\tclass=\"heading-font\"\n\t\t\t\t\t\t\t\tdata-type=\"text\"\n\t\t\t\t\t\t\t\tdata-rsp_ch=\"on\"\n\t\t\t\t\t\t\t\tdata-xy=\"x:c;y:m;yo:-30px,-26px,-19px,-11px;\"\n\t\t\t\t\t\t\t\tdata-text=\"w:normal;s:150,150,124,78;l:136,136,112,69;fw:700;a:center;\"\n\t\t\t\t\t\t\t\tdata-frame_0=\"y:50,43,32,19;\"\n\t\t\t\t\t\t\t\tdata-frame_1=\"st:700;sp:1000;\"\n\t\t\t\t\t\t\t\tdata-frame_999=\"o:0;st:w;\"\n\t\t\t\t\t\t\t\tstyle=\"z-index:9;font-family:'Amatic SC';\"\n\t\t\t\t\t\t\t>B\u00f3b wczesny \n\t\t\t\t\t\t\t<\/rs-layer><!--\n\n\t\t\t\t\t\t\t--><rs-layer\n\t\t\t\t\t\t\t\tid=\"slider-2-slide-5-layer-1\" \n\t\t\t\t\t\t\t\tdata-type=\"text\"\n\t\t\t\t\t\t\t\tdata-xy=\"x:c;y:m;yo:-152px,-173px,-151px,-120px;\"\n\t\t\t\t\t\t\t\tdata-text=\"w:normal;s:16,16,16,18;l:24;ls:3px,3px,2px,1px;fw:600;a:center;\"\n\t\t\t\t\t\t\t\tdata-rsp_bd=\"off\"\n\t\t\t\t\t\t\t\tdata-padding=\"t:12,11,8,5;r:40,35,27,17;b:12,11,8,5;l:40,35,27,17;\"\n\t\t\t\t\t\t\t\tdata-border=\"bor:5px,5px,5px,5px;\"\n\t\t\t\t\t\t\t\tdata-frame_0=\"y:50,43,32,19;\"\n\t\t\t\t\t\t\t\tdata-frame_1=\"st:300;sp:1000;\"\n\t\t\t\t\t\t\t\tdata-frame_999=\"o:0;st:w;\"\n\t\t\t\t\t\t\t\tstyle=\"z-index:10;background-color:rgba(255,255,255,0.1);font-family:'Barlow';\"\n\t\t\t\t\t\t\t>\u015aWIE\u017bY I ZDROWY \n\t\t\t\t\t\t\t<\/rs-layer><!--\n\n\t\t\t\t\t\t\t--><a\n\t\t\t\t\t\t\t\tid=\"slider-2-slide-5-layer-6\" \n\t\t\t\t\t\t\t\tclass=\"rs-layer rev-btn\"\n\t\t\t\t\t\t\t\thref=\"\/about-us\/\" target=\"_self\" rel=\"nofollow\"\n\t\t\t\t\t\t\t\tdata-type=\"button\"\n\t\t\t\t\t\t\t\tdata-color=\"#404a3d\"\n\t\t\t\t\t\t\t\tdata-xy=\"x:c;y:m;yo:137px,149px,129px,119px;\"\n\t\t\t\t\t\t\t\tdata-text=\"w:normal;s:20,20,20,20;l:42;fw:600;a:center;\"\n\t\t\t\t\t\t\t\tdata-dim=\"minh:0px,none,none,none;\"\n\t\t\t\t\t\t\t\tdata-rsp_bd=\"off\"\n\t\t\t\t\t\t\t\tdata-padding=\"t:19,17,13,8;r:50,44,33,20;b:19,17,13,8;l:50,44,33,20;\"\n\t\t\t\t\t\t\t\tdata-border=\"bor:5px,5px,5px,5px;\"\n\t\t\t\t\t\t\t\tdata-frame_0=\"y:50,43,32,19;\"\n\t\t\t\t\t\t\t\tdata-frame_1=\"st:1100;sp:1000;\"\n\t\t\t\t\t\t\t\tdata-frame_999=\"o:0;st:w;\"\n\t\t\t\t\t\t\t\tdata-frame_hover=\"c:#fff;bgc:#404a3d;bor:5px,5px,5px,5px;sp:300ms;e:power1.inOut;bri:120%;\"\n\t\t\t\t\t\t\t\tstyle=\"z-index:8;background-color:#eddd5e;font-family:'Barlow';\"\n\t\t\t\t\t\t\t>Dowiedz si\u0119 Wi\u0119cej \n\t\t\t\t\t\t\t<\/a><!--\n-->\t\t\t\t\t\t<\/rs-slide>\n\t\t\t\t\t\t<rs-slide style=\"position: absolute;\" data-key=\"rs-6\" data-title=\"Slide\" data-anim=\"f:random;\" data-in=\"o:0;r:ran(-45|45);sx:0;sy:0;row:5;col:5;\" data-out=\"a:false;\">\n\t\t\t\t\t\t\t<img decoding=\"async\" src=\"\/\/sauplant.pl\/wp-content\/plugins\/revslider\/public\/assets\/assets\/dummy.png\" alt=\"\" title=\"Farm-Services\" width=\"1792\" height=\"1024\" class=\"rev-slidebg tp-rs-img rs-lazyload\" data-lazyload=\"\/\/sauplant.pl\/wp-content\/uploads\/2024\/04\/Farm-Services.webp\" data-no-retina>\n<!--\n\t\t\t\t\t\t\t--><rs-layer\n\t\t\t\t\t\t\t\tid=\"slider-2-slide-6-layer-0\" \n\t\t\t\t\t\t\t\tclass=\"heading-font\"\n\t\t\t\t\t\t\t\tdata-type=\"text\"\n\t\t\t\t\t\t\t\tdata-rsp_ch=\"on\"\n\t\t\t\t\t\t\t\tdata-xy=\"x:c;y:m;yo:-30px,-26px,-19px,-11px;\"\n\t\t\t\t\t\t\t\tdata-text=\"w:normal;s:150,150,124,78;l:136,136,112,69;fw:700;a:center;\"\n\t\t\t\t\t\t\t\tdata-frame_0=\"y:50,43,32,19;\"\n\t\t\t\t\t\t\t\tdata-frame_1=\"st:700;sp:1000;\"\n\t\t\t\t\t\t\t\tdata-frame_999=\"o:0;st:w;\"\n\t\t\t\t\t\t\t\tstyle=\"z-index:9;font-family:'Amatic SC';\"\n\t\t\t\t\t\t\t>Us\u0142ugi Rolnicze \n\t\t\t\t\t\t\t<\/rs-layer><!--\n\n\t\t\t\t\t\t\t--><rs-layer\n\t\t\t\t\t\t\t\tid=\"slider-2-slide-6-layer-1\" \n\t\t\t\t\t\t\t\tdata-type=\"text\"\n\t\t\t\t\t\t\t\tdata-xy=\"x:c;y:m;yo:-152px,-173px,-151px,-120px;\"\n\t\t\t\t\t\t\t\tdata-text=\"w:normal;s:16,16,16,18;l:24;ls:3px,3px,2px,1px;fw:600;a:center;\"\n\t\t\t\t\t\t\t\tdata-rsp_bd=\"off\"\n\t\t\t\t\t\t\t\tdata-padding=\"t:12,11,8,5;r:40,35,27,17;b:12,11,8,5;l:40,35,27,17;\"\n\t\t\t\t\t\t\t\tdata-border=\"bor:5px,5px,5px,5px;\"\n\t\t\t\t\t\t\t\tdata-frame_0=\"y:50,43,32,19;\"\n\t\t\t\t\t\t\t\tdata-frame_1=\"st:300;sp:1000;\"\n\t\t\t\t\t\t\t\tdata-frame_999=\"o:0;st:w;\"\n\t\t\t\t\t\t\t\tstyle=\"z-index:10;background-color:rgba(255,255,255,0.1);font-family:'Barlow';\"\n\t\t\t\t\t\t\t>DO\u015aWIADCZONY ZESP\u00d3\u0141, WYSPECJALIZOWANE MASZYNY \n\t\t\t\t\t\t\t<\/rs-layer><!--\n\n\t\t\t\t\t\t\t--><a\n\t\t\t\t\t\t\t\tid=\"slider-2-slide-6-layer-6\" \n\t\t\t\t\t\t\t\tclass=\"rs-layer rev-btn\"\n\t\t\t\t\t\t\t\thref=\"\/about-us\/\" target=\"_self\" rel=\"nofollow\"\n\t\t\t\t\t\t\t\tdata-type=\"button\"\n\t\t\t\t\t\t\t\tdata-color=\"#404a3d\"\n\t\t\t\t\t\t\t\tdata-xy=\"x:c;y:m;yo:137px,149px,129px,119px;\"\n\t\t\t\t\t\t\t\tdata-text=\"w:normal;s:20,20,20,20;l:42;fw:600;a:center;\"\n\t\t\t\t\t\t\t\tdata-dim=\"minh:0px,none,none,none;\"\n\t\t\t\t\t\t\t\tdata-rsp_bd=\"off\"\n\t\t\t\t\t\t\t\tdata-padding=\"t:19,17,13,8;r:50,44,33,20;b:19,17,13,8;l:50,44,33,20;\"\n\t\t\t\t\t\t\t\tdata-border=\"bor:5px,5px,5px,5px;\"\n\t\t\t\t\t\t\t\tdata-frame_0=\"y:50,43,32,19;\"\n\t\t\t\t\t\t\t\tdata-frame_1=\"st:1100;sp:1000;\"\n\t\t\t\t\t\t\t\tdata-frame_999=\"o:0;st:w;\"\n\t\t\t\t\t\t\t\tdata-frame_hover=\"c:#fff;bgc:#404a3d;bor:5px,5px,5px,5px;sp:300ms;e:power1.inOut;bri:120%;\"\n\t\t\t\t\t\t\t\tstyle=\"z-index:8;background-color:#eddd5e;font-family:'Barlow';\"\n\t\t\t\t\t\t\t>Dowiedz si\u0119 Wi\u0119cej \n\t\t\t\t\t\t\t<\/a><!--\n-->\t\t\t\t\t\t<\/rs-slide>\n\t\t\t\t\t<\/rs-slides>\n\t\t\t\t<\/rs-module>\n\t\t\t\t<script>\n\t\t\t\t\tsetREVStartSize({c: 'rev_slider_2_1',rl:[1240,1024,778,480],el:[780,768,960,720],gw:[1170,1024,778,480],gh:[780,768,960,720],type:'standard',justify:'',layout:'fullwidth',mh:\"0\"});if (window.RS_MODULES!==undefined && window.RS_MODULES.modules!==undefined && window.RS_MODULES.modules[\"revslider21\"]!==undefined) {window.RS_MODULES.modules[\"revslider21\"].once = false;window.revapi2 = undefined;if (window.RS_MODULES.checkMinimal!==undefined) window.RS_MODULES.checkMinimal()}\n\t\t\t\t<\/script>\n\t\t\t<\/rs-module-wrap>\n\t\t\t<!-- END REVOLUTION SLIDER -->\n<\/div><\/div><\/div><\/div><\/div><\/section><\/div><div class=\"vc-custom-col-spacing clearfix vc-col-spacing-30\"><section class=\"wpb_row vc_row-fluid vc_custom_1582272475999 vc_row-has-fill row-content-position-Default\"><div class=\"agrikole-container\"><div class=\"row-inner clearfix\"><div class=\"wpb_column vc_column_container vc_col-sm-12\"><div class=\"vc_column-inner\"><div class=\"wpb_wrapper\">\r\n\t<div class=\"agrikole-spacer clearfix\" data-desktop=\"50\" data-mobi=\"30\" data-smobi=\"30\"><\/div><div class=\"agrikole-content-box clearfix\" ><div class=\"vc-custom-col-inner-spacing clearfix vc-col-inner-spacing-30\"><div class=\"wpb_row vc_inner vc_row-fluid\"><div class=\"wpb_column vc_column_container vc_col-sm-5\"><div class=\"vc_column-inner\"><div class=\"wpb_wrapper\"><div class=\"agrikole-headings clearfix text-center\" data-font=50 style=\"\"><h2 class=\"heading clearfix \" style=\"color:#404a3d;line-height:58px;font-size:50px;\">\r\n\t\tKa\u017cda Truskawka to Opowie\u015b\u0107 o Jako\u015bci!<br \/>\nOdkryj S\u0142odycz Natury z Sauplant!\r\n\t<\/h2><\/div><\/div><\/div><\/div><div class=\"wpb_column vc_column_container vc_col-sm-7\"><div class=\"vc_column-inner\"><div class=\"wpb_wrapper\">\r\n\t<div class=\"agrikole-spacer clearfix\" data-desktop=\"7\" data-mobi=\"7\" data-smobi=\"7\"><\/div><div class=\"agrikole-content-box clearfix \" data-padding=\"0 0 0 20px\" data-mobipadding=\"0 0 0 0\" data-margin=\"\" data-mobimargin=\"\" >\r\n\t\t<div class=\"inner ctb-1270889517\" style=\"\"  data-background=\"\" data-border-style=\"solid\" data-border-style-hover=\"solid\">\r\n\t\t\t\n\t<div class=\"wpb_text_column wpb_content_element \" >\n\t\t<div class=\"wpb_wrapper\">\n\t\t\t<div style=\"color: #404a3d;\"><span>Odkryj urok malowniczej okolicy niedaleko Rawicza, gdzie nasze rodzinne gospodarstwo rolne kultywuje tradycje i smaki przypominaj\u0105ce dzieci\u0144stwo u babci. Specjalizujemy si\u0119 w uprawie truskawek deserowych, b\u0119d\u0105c jednym z lider\u00f3w bran\u017cy w Polsce. Dzi\u0119ki innowacyjnym technikom agrikultury, w Sauplant sezon zaczynamy wyj\u0105tkowo wcze\u015bnie, co pozwala naszym klientom cieszy\u0107 si\u0119 \u015bwie\u017cymi, soczystymi truskawkami ju\u017c na pocz\u0105tku wiosny.<\/span><\/div>\n\n\t\t<\/div>\n\t<\/div>\n\r\n\t\t<\/div>\r\n\t<\/div><\/div><\/div><\/div><\/div><\/div><\/div>\r\n\t<div class=\"agrikole-spacer clearfix\" data-desktop=\"20\" data-mobi=\"15\" data-smobi=\"15\"><\/div><div class=\"agrikole-content-box clearfix\" ><div class=\"vc-custom-col-inner-spacing clearfix vc-col-inner-spacing-30\"><div class=\"wpb_row vc_inner vc_row-fluid\"><div class=\"wpb_column vc_column_container vc_col-sm-5\"><div class=\"vc_column-inner\"><div class=\"wpb_wrapper\"><div class=\"agrikole-simple-image simple \" style=\"border-radius:5px;overflow:hidden;\">\r\n\t\t\t\t<img decoding=\"async\" alt=\"image\" src=\"https:\/\/sauplant.pl\/wp-content\/uploads\/2024\/04\/table-strawberries-copy-8.jpg\" \/> \r\n\t\t\t<\/div>\r\n\t<div class=\"agrikole-spacer clearfix\" data-desktop=\"0\" data-mobi=\"40\" data-smobi=\"40\"><\/div><\/div><\/div><\/div><div class=\"wpb_column vc_column_container vc_col-sm-7\"><div class=\"vc_column-inner\"><div class=\"wpb_wrapper\"><div class=\"agrikole-content-box clearfix \" data-padding=\"0 0 0 20px\" data-mobipadding=\"0 0 0 0\" data-margin=\"\" data-mobimargin=\"\" >\r\n\t\t<div class=\"inner ctb-1256209993\" style=\"\"  data-background=\"\" data-border-style=\"solid\" data-border-style-hover=\"solid\">\r\n\t\t\t<div class=\"agrikole-grid-box clearfix grid2 border-light v-30 h-30 no-borders\" data-grid=\"2\" >\r\n\t\t<div class=\"agrikole-icon-box clearfix icon-top align-left  link-hover-accent simple\" style=\"background-color:#095116;padding:38px 38px 36px 38px;border-radius:5px;\" ><div class=\"wrap-inner\" style=\"position: relative;\"><div class=\"agrikole-icon icon-741417633 icon-font accent custom\"  data-background=\"\">\r\n\t\t\t<span class=\"icon\" style=\"font-size:62px;width:62px;height:62px;border-style:solid;line-height:62px;\"><i class=\"agri-farmer1\"><\/i><\/span>\r\n\t\t<\/div> <div class=\"content-wrap\"><h3 class=\"heading  white\" style=\"font-weight:600;color:#ffffff;font-size:20px;margin-top:14px;margin-bottom:14px;font-family:Barlow;\">\r\n\t\t\t<span>Sauplant \u2013 Synonim jako\u015bci!<\/span>\r\n\t\t<\/h3><div class=\"desc\" style=\"color:#c5c9c4;font-size:16px;line-height:32px;\"><p>Najwy\u017csze standardy, kt\u00f3re uosabiamy w ka\u017cdej truskawce, to gwarancja niezr\u00f3wnanego smaku. W Sauplant dbamy o to, by nasze owoce by\u0142y zawsze \u015bwie\u017ce, s\u0142odkie i najwy\u017cszej jako\u015bci<\/p>\n<\/div><\/div><\/div><\/div><div class=\"agrikole-icon-box clearfix icon-top align-left  link-hover-accent simple\" style=\"background-color:#095116;padding:38px 38px 36px 38px;border-radius:5px;\" ><div class=\"wrap-inner\" style=\"position: relative;\"><div class=\"agrikole-icon icon-1334451244 icon-font accent custom\"  data-background=\"\">\r\n\t\t\t<span class=\"icon\" style=\"font-size:62px;width:62px;height:62px;border-style:solid;line-height:62px;\"><i class=\"agri-tractor\"><\/i><\/span>\r\n\t\t<\/div> <div class=\"content-wrap\"><h3 class=\"heading  white\" style=\"font-weight:600;color:#ffffff;font-size:20px;margin-top:14px;margin-bottom:14px;font-family:Barlow;\">\r\n\t\t\t<span>Innowacje rozwi\u0105zania w rolnictwie.<\/span>\r\n\t\t<\/h3><div class=\"desc\" style=\"color:#c5c9c4;font-size:16px;line-height:32px;\"><p>Lider w produkcji truskawek, Sauplant \u0142\u0105czy najlepsze praktyki uprawowe z kompleksowymi us\u0142ugami rolniczymi. Jako\u015b\u0107, dba\u0142o\u015b\u0107 i pasja w ka\u017cdym bobie, ka\u017cdej truskawce, ka\u017cdej us\u0142udze.<\/p>\n<\/div><\/div><\/div><\/div>\n\r\n\t<\/div>\r\n\t\t<\/div>\r\n\t<\/div><\/div><\/div><\/div><\/div><\/div><\/div>\r\n\t<div class=\"agrikole-spacer clearfix\" data-desktop=\"40\" data-mobi=\"20\" data-smobi=\"20\"><\/div><\/div><\/div><\/div><\/div><\/div><\/section><\/div><div class=\"vc-custom-col-spacing clearfix vc-col-spacing-30\"><section class=\"wpb_row vc_row-fluid row-content-position-Default\"><div class=\"agrikole-container\"><div class=\"row-inner clearfix\"><div class=\"wpb_column vc_column_container vc_col-sm-12\"><div class=\"vc_column-inner\"><div class=\"wpb_wrapper\">\r\n\t<div class=\"agrikole-spacer clearfix\" data-desktop=\"50\" data-mobi=\"30\" data-smobi=\"30\"><\/div><div class=\"agrikole-headings clearfix text-center\" data-font=70 data-mfont=60 style=\"\"><div class=\"pre-heading clearfix\" style=\"font-weight:600;color:#5b8c51;font-size:14px;letter-spacing:3px;\">\r\n\t\tDOWIEDZ SI\u0118 WI\u0118CEJ\r\n\t<\/div><h2 class=\"heading clearfix \" style=\"line-height:70px;font-size:70px;\">\r\n\t\tNASZA OFERTA\r\n\t<\/h2><div class=\"sep clearfix\" style=\"margin:5px 0 0;\">\r\n\t\t\t\t<img decoding=\"async\" alt=\"image\" src=\"https:\/\/sauplant.pl\/wp-content\/uploads\/2020\/01\/separator.png\">\r\n\t\t\t<\/div><\/div>\r\n\t<div class=\"agrikole-spacer clearfix\" data-desktop=\"56\" data-mobi=\"20\" data-smobi=\"20\"><\/div><div class=\"agrikole-grid-box clearfix grid3 border-light v-30 h-15 no-border-wrap\" data-grid=\"3\" >\r\n\t\t<div class=\"agrikole-image-box clearfix style-1 text-center\" style=\"\" >\r\n        <div class=\"item\">\r\n            <div class=\"inner\">\r\n                <div class=\"thumb\" style=\"border-radius:105px; overflow:hidden;width:210px;margin: 0 auto;\"> <img loading=\"lazy\" decoding=\"async\" width=\"1024\" height=\"1024\" src=\"https:\/\/sauplant.pl\/wp-content\/uploads\/2024\/04\/truskawka.webp\" class=\"attachment-full size-full\" alt=\"\" srcset=\"https:\/\/sauplant.pl\/wp-content\/uploads\/2024\/04\/truskawka.webp 1024w, https:\/\/sauplant.pl\/wp-content\/uploads\/2024\/04\/truskawka-300x300.webp 300w, https:\/\/sauplant.pl\/wp-content\/uploads\/2024\/04\/truskawka-150x150.webp 150w, https:\/\/sauplant.pl\/wp-content\/uploads\/2024\/04\/truskawka-768x768.webp 768w, https:\/\/sauplant.pl\/wp-content\/uploads\/2024\/04\/truskawka-12x12.webp 12w, https:\/\/sauplant.pl\/wp-content\/uploads\/2024\/04\/truskawka-640x640.webp 640w, https:\/\/sauplant.pl\/wp-content\/uploads\/2024\/04\/truskawka-370x370.webp 370w, https:\/\/sauplant.pl\/wp-content\/uploads\/2024\/04\/truskawka-140x140.webp 140w, https:\/\/sauplant.pl\/wp-content\/uploads\/2024\/04\/truskawka-570x570.webp 570w, https:\/\/sauplant.pl\/wp-content\/uploads\/2024\/04\/truskawka-100x100.webp 100w\" sizes=\"auto, (max-width: 1024px) 100vw, 1024px\" \/><\/div>\r\n                <div class=\"text-wrap \" style=\"\">\r\n                    <h3 class=\"title\" style=\"font-weight:700;font-size:30px;line-height:34px;margin-top:26px;\">\r\n        TRUSKAWKI\r\n    <\/h3>  \r\n                <\/div>\r\n            <\/div>\r\n        <\/div>\r\n    <\/div><div class=\"agrikole-image-box clearfix style-1 text-center\" style=\"\" >\r\n        <div class=\"item\">\r\n            <div class=\"inner\">\r\n                <div class=\"thumb\" style=\"border-radius:105px; overflow:hidden;width:210px;margin: 0 auto;\"> <img loading=\"lazy\" decoding=\"async\" width=\"1024\" height=\"1024\" src=\"https:\/\/sauplant.pl\/wp-content\/uploads\/2024\/04\/bob.webp\" class=\"attachment-full size-full\" alt=\"\" srcset=\"https:\/\/sauplant.pl\/wp-content\/uploads\/2024\/04\/bob.webp 1024w, https:\/\/sauplant.pl\/wp-content\/uploads\/2024\/04\/bob-300x300.webp 300w, https:\/\/sauplant.pl\/wp-content\/uploads\/2024\/04\/bob-150x150.webp 150w, https:\/\/sauplant.pl\/wp-content\/uploads\/2024\/04\/bob-768x768.webp 768w, https:\/\/sauplant.pl\/wp-content\/uploads\/2024\/04\/bob-12x12.webp 12w, https:\/\/sauplant.pl\/wp-content\/uploads\/2024\/04\/bob-640x640.webp 640w, https:\/\/sauplant.pl\/wp-content\/uploads\/2024\/04\/bob-370x370.webp 370w, https:\/\/sauplant.pl\/wp-content\/uploads\/2024\/04\/bob-140x140.webp 140w, https:\/\/sauplant.pl\/wp-content\/uploads\/2024\/04\/bob-570x570.webp 570w, https:\/\/sauplant.pl\/wp-content\/uploads\/2024\/04\/bob-100x100.webp 100w\" sizes=\"auto, (max-width: 1024px) 100vw, 1024px\" \/><\/div>\r\n                <div class=\"text-wrap \" style=\"\">\r\n                    <h3 class=\"title\" style=\"font-weight:700;font-size:30px;line-height:34px;margin-top:26px;\">\r\n        B\u00d3B\r\n    <\/h3>  \r\n                <\/div>\r\n            <\/div>\r\n        <\/div>\r\n    <\/div><div class=\"agrikole-image-box clearfix style-1 text-center\" style=\"\" >\r\n        <div class=\"item\">\r\n            <div class=\"inner\">\r\n                <div class=\"thumb\" style=\"border-radius:105px; overflow:hidden;width:210px;margin: 0 auto;\"> <img loading=\"lazy\" decoding=\"async\" width=\"1024\" height=\"1024\" src=\"https:\/\/sauplant.pl\/wp-content\/uploads\/2024\/04\/traktor.webp\" class=\"attachment-full size-full\" alt=\"\" srcset=\"https:\/\/sauplant.pl\/wp-content\/uploads\/2024\/04\/traktor.webp 1024w, https:\/\/sauplant.pl\/wp-content\/uploads\/2024\/04\/traktor-300x300.webp 300w, https:\/\/sauplant.pl\/wp-content\/uploads\/2024\/04\/traktor-150x150.webp 150w, https:\/\/sauplant.pl\/wp-content\/uploads\/2024\/04\/traktor-768x768.webp 768w, https:\/\/sauplant.pl\/wp-content\/uploads\/2024\/04\/traktor-12x12.webp 12w, https:\/\/sauplant.pl\/wp-content\/uploads\/2024\/04\/traktor-640x640.webp 640w, https:\/\/sauplant.pl\/wp-content\/uploads\/2024\/04\/traktor-370x370.webp 370w, https:\/\/sauplant.pl\/wp-content\/uploads\/2024\/04\/traktor-140x140.webp 140w, https:\/\/sauplant.pl\/wp-content\/uploads\/2024\/04\/traktor-570x570.webp 570w, https:\/\/sauplant.pl\/wp-content\/uploads\/2024\/04\/traktor-100x100.webp 100w\" sizes=\"auto, (max-width: 1024px) 100vw, 1024px\" \/><\/div>\r\n                <div class=\"text-wrap \" style=\"\">\r\n                    <h3 class=\"title\" style=\"font-weight:700;font-size:30px;line-height:34px;margin-top:26px;\">\r\n        US\u0141UGI ROLNICZE\r\n    <\/h3>  \r\n                <\/div>\r\n            <\/div>\r\n        <\/div>\r\n    <\/div>\n\r\n\t<\/div>\r\n\t<div class=\"agrikole-spacer clearfix\" data-desktop=\"50\" data-mobi=\"30\" data-smobi=\"30\"><\/div><div class=\"agrikole-divider divider-center divider-solid\" style=\"border-top-color:#f5f0e9;\"><\/div><div class=\"clearfix\"><\/div>\r\n\t<div class=\"agrikole-spacer clearfix\" data-desktop=\"30\" data-mobi=\"15\" data-smobi=\"15\"><\/div><\/div><\/div><\/div><\/div><\/div><\/section><\/div>\n<\/div>","protected":false},"excerpt":{"rendered":"Truskawki deserowe PYSZNE I SOCZYSTE Dowiedz si\u0119 Wi\u0119cej B\u00f3b wczesny \u015aWIE\u017bY I ZDROWY Dowiedz si\u0119 Wi\u0119cej Us\u0142ugi Rolnicze DO\u015aWIADCZONY ZESP\u00d3\u0141, WYSPECJALIZOWANE MASZYNY Dowiedz si\u0119 Wi\u0119cej Ka\u017cda Truskawka to Opowie\u015b\u0107 o Jako\u015bci! Odkryj S\u0142odycz Natury z Sauplant! Odkryj urok malowniczej okolicy niedaleko Rawicza, gdzie nasze rodzinne gospodarstwo rolne kultywuje tradycje i","protected":false},"author":1,"featured_media":0,"parent":0,"menu_order":0,"comment_status":"closed","ping_status":"closed","template":"","meta":{"_monsterinsights_skip_tracking":false,"_monsterinsights_sitenote_active":false,"_monsterinsights_sitenote_note":"","_monsterinsights_sitenote_category":0,"footnotes":""},"class_list":["post-13363","page","type-page","status-publish","hentry"],"aioseo_notices":[],"_links":{"self":[{"href":"https:\/\/sauplant.pl\/en\/wp-json\/wp\/v2\/pages\/13363","targetHints":{"allow":["GET"]}}],"collection":[{"href":"https:\/\/sauplant.pl\/en\/wp-json\/wp\/v2\/pages"}],"about":[{"href":"https:\/\/sauplant.pl\/en\/wp-json\/wp\/v2\/types\/page"}],"author":[{"embeddable":true,"href":"https:\/\/sauplant.pl\/en\/wp-json\/wp\/v2\/users\/1"}],"replies":[{"embeddable":true,"href":"https:\/\/sauplant.pl\/en\/wp-json\/wp\/v2\/comments?post=13363"}],"version-history":[{"count":49,"href":"https:\/\/sauplant.pl\/en\/wp-json\/wp\/v2\/pages\/13363\/revisions"}],"predecessor-version":[{"id":14958,"href":"https:\/\/sauplant.pl\/en\/wp-json\/wp\/v2\/pages\/13363\/revisions\/14958"}],"wp:attachment":[{"href":"https:\/\/sauplant.pl\/en\/wp-json\/wp\/v2\/media?parent=13363"}],"curies":[{"name":"wp","href":"https:\/\/api.w.org\/{rel}","templated":true}]}}