{"id":1326,"date":"2017-10-16T13:06:09","date_gmt":"2017-10-16T13:06:09","guid":{"rendered":"http:\/\/ninzio.com\/agrikole\/?page_id=1326"},"modified":"2026-03-27T23:28:20","modified_gmt":"2026-03-27T23:28:20","slug":"services-2","status":"publish","type":"page","link":"https:\/\/sauplant.pl\/en\/services-2\/","title":{"rendered":"Services"},"content":{"rendered":"<div class=\"wpb-content-wrapper\"><div class=\"vc-custom-col-spacing clearfix vc-col-spacing-30\"><section class=\"wpb_row vc_row-fluid row-content-position-Default\"><div class=\"agrikole-container\"><div class=\"row-inner clearfix\"><div class=\"wpb_column vc_column_container vc_col-sm-12\"><div class=\"vc_column-inner\"><div class=\"wpb_wrapper\">\r\n\t<div class=\"agrikole-spacer clearfix\" data-desktop=\"120\" data-mobi=\"60\" data-smobi=\"60\"><\/div><div class=\"agrikole-content-box clearfix\" ><div class=\"vc-custom-col-inner-spacing clearfix vc-col-inner-spacing-30\"><div class=\"wpb_row vc_inner vc_row-fluid\"><div class=\"wpb_column vc_column_container vc_col-sm-12\"><div class=\"vc_column-inner\"><div class=\"wpb_wrapper\"><div class=\"agrikole-headings clearfix\" data-font=\"70\" data-mfont=\"60\" style=\"\"><div class=\"pre-heading clearfix\" style=\"font-weight:600;color:#5b8c51;font-size:14px;letter-spacing:3px;\">\r\n\t\tUS\u0141UGI ROLNICZE\r\n\t<\/div><h2 class=\"heading clearfix\" style=\"line-height:70px;font-size:70px;\">\r\n\t\tPe\u0142en zakres obs\u0142ugi - od pola do sto\u0142u\r\n\t<\/h2><div class=\"sep clearfix\" style=\"margin:5px 0 0;\">\r\n\t\t\t\t<img decoding=\"async\" alt=\"image\" src=\"https:\/\/sauplant.pl\/wp-content\/uploads\/2020\/01\/separator.png\">\r\n\t\t\t<\/div><\/div>\r\n\t<div class=\"agrikole-spacer clearfix\" data-desktop=\"40\" data-mobi=\"30\" data-smobi=\"30\"><\/div><div class=\"agrikole-list clearfix icon-top\" >\r\n\t\t<div style=\"margin-bottom:2px;\">\r\n\t\t\t<span style=\"padding-left:5px;\"> <span style=\"font-size:18px;\">W Sauplant rozumiemy, \u017ce rolnictwo to nie tylko uprawa, ale i szereg dzia\u0142a\u0144 wspieraj\u0105cych plony i efektywno\u015b\u0107 pracy na polu. Dlatego opr\u00f3cz hodowli wy\u015bmienitych, s\u0142odkich truskawek, oferujemy kompleksowe us\u0142ugi rolnicze. Z nami ka\u017cde zadanie rolnicze staje si\u0119 prostsze i bardziej efektywne.<\/span><\/span>\r\n\t\t<\/div>\r\n\t<\/div><div class=\"agrikole-list clearfix icon-top\" >\r\n\t\t<div style=\"margin-bottom:2px;\">\r\n\t\t\t<span style=\"padding-left:5px;\"> <span style=\"font-size:18px;\">Nasze us\u0142ugi obejmuj\u0105:<\/span><\/span>\r\n\t\t<\/div>\r\n\t<\/div><div class=\"agrikole-list clearfix icon-top\" >\r\n\t\t<div style=\"margin-bottom:2px;\">\r\n\t\t\t<span style=\"padding-left:33px;\"><span class=\"icon\" style=\"color:#5b8c51;font-size:14px;margin-top:6px;\">\r\n\t\t\t<i class=\"fa fa-check\"><\/i>\r\n\t\t<\/span> <span style=\"font-size:18px;\">Zbieranie kamieni: Dzi\u0119ki naszym us\u0142ugom Twoje pole b\u0119dzie gotowe na upraw\u0119 bez zb\u0119dnych przeszk\u00f3d. Dbamy o to, aby gleba by\u0142a czysta i przyjazna dla nasion.<\/span><\/span>\r\n\t\t<\/div>\r\n\t<\/div><div class=\"agrikole-list clearfix icon-top\" >\r\n\t\t<div style=\"margin-bottom:2px;\">\r\n\t\t\t<span style=\"padding-left:33px;\"><span class=\"icon\" style=\"color:#5b8c51;font-size:14px;margin-top:6px;\">\r\n\t\t\t<i class=\"fa fa-check\"><\/i>\r\n\t\t<\/span> <span style=\"font-size:18px;\">Wysiew i nawo\u017cenie dolistne: Maksymalizujemy potencja\u0142 Twoich upraw poprzez zastosowanie nowoczesnych metod wysiewu oraz precyzyjne nawo\u017cenie dolistne, kt\u00f3re zapewnia ro\u015blinom niezb\u0119dne sk\u0142adniki od\u017cywcze.<\/span><\/span>\r\n\t\t<\/div>\r\n\t<\/div><div class=\"agrikole-list clearfix icon-top\" >\r\n\t\t<div style=\"margin-bottom:2px;\">\r\n\t\t\t<span style=\"padding-left:33px;\"><span class=\"icon\" style=\"color:#5b8c51;font-size:14px;margin-top:6px;\">\r\n\t\t\t<i class=\"fa fa-check\"><\/i>\r\n\t\t<\/span> <span style=\"font-size:18px;\">Wynajem traktora z operatorem: Dysponujemy nowoczesnym sprz\u0119tem rolniczym oraz wykwalifikowanym personelem. Nasza oferta wynajmu traktora wraz z operatorem to gwarancja pracy wykonanej szybko i sprawnie.<\/span><\/span>\r\n\t\t<\/div>\r\n\t<\/div><div class=\"agrikole-list clearfix icon-top\" >\r\n\t\t<div style=\"margin-bottom:2px;\">\r\n\t\t\t<span style=\"padding-left:33px;\"><span class=\"icon\" style=\"color:#5b8c51;font-size:14px;margin-top:6px;\">\r\n\t\t\t<i class=\"fa fa-check\"><\/i>\r\n\t\t<\/span> <span style=\"font-size:18px;\">Presowanie s\u0142omy: Oferujemy us\u0142ugi presowania s\u0142omy, kt\u00f3re pozwol\u0105 Ci efektywnie zarz\u0105dza\u0107 odpadami rolnymi i przygotowa\u0107 s\u0142om\u0119 do dalszego wykorzystania lub sprzeda\u017cy.<\/span><\/span>\r\n\t\t<\/div>\r\n\t<\/div><div class=\"agrikole-list clearfix icon-top\" >\r\n\t\t<div style=\"margin-bottom:2px;\">\r\n\t\t\t<span style=\"padding-left:33px;\"><span class=\"icon\" style=\"color:#5b8c51;font-size:14px;margin-top:6px;\">\r\n\t\t\t<i class=\"fa fa-check\"><\/i>\r\n\t\t<\/span> <span style=\"font-size:18px;\">Talerzowanie i agregatowanie: Specjalizujemy si\u0119 w przygotowaniu gleby do uprawy. Nasze talerzowanie i agregatowanie to klucz do zdrowej struktury gleby i lepszych zbior\u00f3w.<\/span><\/span>\r\n\t\t<\/div>\r\n\t<\/div><div class=\"agrikole-list clearfix icon-top\" >\r\n\t\t<div style=\"margin-bottom:2px;\">\r\n\t\t\t<span style=\"padding-left:33px;\"><span class=\"icon\" style=\"color:#5b8c51;font-size:14px;margin-top:6px;\">\r\n\t\t\t<i class=\"fa fa-check\"><\/i>\r\n\t\t<\/span> <span style=\"font-size:18px;\">Za\u0142adunek i transport: Z Sauplant logistyka produkt\u00f3w rolnych staje si\u0119 prosta. Zapewniamy kompleksowe us\u0142ugi za\u0142adunku i transportu, aby Twoje produkty dotar\u0142y tam, gdzie potrzebujesz.<br \/>\nDo\u0142\u0105cz do grona zadowolonych klient\u00f3w Sauplant i pozw\u00f3l nam zadba\u0107 o Tw\u00f3j rolniczy sukces. Skontaktuj si\u0119 z nami, aby dowiedzie\u0107 si\u0119 wi\u0119cej lub um\u00f3wi\u0107 na us\u0142ugi.<\/span><\/span>\r\n\t\t<\/div>\r\n\t<\/div>\r\n\t<div class=\"agrikole-spacer clearfix\" data-desktop=\"50\" data-mobi=\"30\" data-smobi=\"30\"><\/div><\/div><\/div><\/div><\/div><\/div><\/div>\r\n\t<div class=\"agrikole-spacer clearfix\" data-desktop=\"100\" data-mobi=\"60\" data-smobi=\"60\"><\/div><\/div><\/div><\/div><\/div><\/div><\/section><\/div><div class=\"vc-custom-col-spacing clearfix vc-col-spacing-30\"><section class=\"wpb_row vc_row-fluid overflow-visible vc_custom_1582081292975 vc_row-has-fill row-content-position-Default\"><div class=\"agrikole-container\"><div class=\"row-inner clearfix\"><div class=\"wpb_column vc_column_container vc_col-sm-12\"><div class=\"vc_column-inner\"><div class=\"wpb_wrapper\">\r\n\t<div class=\"agrikole-spacer clearfix\" data-desktop=\"80\" data-mobi=\"45\" data-smobi=\"45\"><\/div>\r\n\t<div class=\"agrikole-spacer clearfix\" data-desktop=\"80\" data-mobi=\"40\" data-smobi=\"40\"><\/div><\/div><\/div><\/div><\/div><\/div><\/section><\/div><div class=\"vc-custom-col-spacing clearfix vc-col-spacing-30\"><section class=\"wpb_row vc_row-fluid row-content-position-Default\"><div class=\"agrikole-container\"><div class=\"row-inner clearfix\"><div class=\"wpb_column vc_column_container vc_col-sm-12\"><div class=\"vc_column-inner\"><div class=\"wpb_wrapper\"><div class=\"agrikole-content-box clearfix\" ><div class=\"vc-custom-col-inner-spacing clearfix vc-col-inner-spacing-30\"><div class=\"wpb_row vc_inner vc_row-fluid\"><div class=\"wpb_column vc_column_container vc_col-sm-6 position-relative\"><div class=\"vc_column-inner\"><div class=\"wpb_wrapper\">\r\n\t<div class=\"agrikole-spacer clearfix\" data-desktop=\"118\" data-mobi=\"50\" data-smobi=\"50\"><\/div><div class=\"agrikole-headings clearfix\" data-font=\"70\" data-mfont=\"60\" style=\"\"><div class=\"pre-heading clearfix\" style=\"font-weight:600;color:#5b8c51;font-size:14px;letter-spacing:3px;\">\r\n\t\tDLACZEGO WARTO WYBRA\u0106 NAS\r\n\t<\/div><h2 class=\"heading clearfix\" style=\"line-height:70px;font-size:70px;\">\r\n\t\tLEPSZE ROLNICTWO, LEPSZA PRZYSZ\u0141O\u015a\u0106\r\n\t<\/h2><div class=\"sep clearfix\" style=\"margin:5px 0 0;\">\r\n\t\t\t\t<img decoding=\"async\" alt=\"image\" src=\"https:\/\/sauplant.pl\/wp-content\/uploads\/2020\/01\/separator.png\">\r\n\t\t\t<\/div><\/div>\r\n\t<div class=\"agrikole-spacer clearfix\" data-desktop=\"45\" data-mobi=\"40\" data-smobi=\"40\"><\/div><div class=\"agrikole-icon-box clearfix icon-left align-left  link-hover-accent simple\" style=\"margin:0 0 24px;\" ><div class=\"wrap-inner\" style=\"position: relative;\"><div class=\"agrikole-icon icon-1369231310 icon-text custom custom\"  data-icon=\"#ffffff\" data-background=\"#5b8c51\" data-icon-hover=\"#ffffff\" data-background-hover=\"#5b8c51\">\r\n\t\t\t<span class=\"icon\" style=\"font-size:24px;width:48px;height:48px;border-style:solid;border-radius:24px;line-height:48px;margin-top:9px;\">01<\/span>\r\n\t\t<\/div> <div class=\"content-wrap\"><h3 class=\"heading\" style=\"padding-left:70px;\">\r\n\t\t\t<span>Przedsezonowe Truskawki i B\u00f3b<\/span>\r\n\t\t<\/h3><div class=\"desc\" style=\"padding-left:70px;font-weight:600;font-size:18px;line-height:34px;\"><div style=\"max-width: 400;\">\n<p>Pierwsze na rynku truskawki i \u015bwie\u017cy b\u00f3b &#8211; gwarancja wczesnych i smakowitych zbior\u00f3w.<\/p>\n<\/div>\n<\/div><\/div><\/div><\/div><div class=\"agrikole-icon-box clearfix icon-left align-left  link-hover-accent simple\" style=\"margin:0 0 24px;\" ><div class=\"wrap-inner\" style=\"position: relative;\"><div class=\"agrikole-icon icon-679449312 icon-text custom custom\"  data-icon=\"#ffffff\" data-background=\"#5b8c51\" data-icon-hover=\"#ffffff\" data-background-hover=\"#5b8c51\">\r\n\t\t\t<span class=\"icon\" style=\"font-size:24px;width:48px;height:48px;border-style:solid;border-radius:24px;line-height:48px;margin-top:9px;\">02<\/span>\r\n\t\t<\/div> <div class=\"content-wrap\"><h3 class=\"heading\" style=\"padding-left:70px;\">\r\n\t\t\t<span>Gwarancja Jako\u015bci<\/span>\r\n\t\t<\/h3><div class=\"desc\" style=\"padding-left:70px;font-weight:600;font-size:18px;line-height:34px;\"><div style=\"max-width: 400;\">\n<p>W Sauplant ka\u017cdy produkt &#8211; od truskawki do bobu &#8211; jest synonimem doskona\u0142o\u015bci.<\/p>\n<\/div>\n<\/div><\/div><\/div><\/div><div class=\"agrikole-icon-box clearfix icon-left align-left  link-hover-accent simple\" style=\"\" ><div class=\"wrap-inner\" style=\"position: relative;\"><div class=\"agrikole-icon icon-1907351149 icon-text custom custom\"  data-icon=\"#ffffff\" data-background=\"#5b8c51\" data-icon-hover=\"#ffffff\" data-background-hover=\"#5b8c51\">\r\n\t\t\t<span class=\"icon\" style=\"font-size:24px;width:48px;height:48px;border-style:solid;border-radius:24px;line-height:48px;margin-top:9px;\">02<\/span>\r\n\t\t<\/div> <div class=\"content-wrap\"><h3 class=\"heading\" style=\"padding-left:70px;\">\r\n\t\t\t<span>Us\u0142ugi Rolnicze na Miar\u0119<\/span>\r\n\t\t<\/h3><div class=\"desc\" style=\"padding-left:70px;font-weight:600;font-size:18px;line-height:34px;\"><div style=\"max-width: 400;\">\n<p>Kompleksowe wsparcie rolnicze od przygotowania pola po zbiory &#8211; wszystko, by wesprze\u0107 Tw\u00f3j sukces.<\/p>\n<\/div>\n<\/div><\/div><\/div><\/div>\r\n\t<div class=\"agrikole-spacer clearfix\" data-desktop=\"120\" data-mobi=\"60\" data-smobi=\"60\"><\/div><\/div><\/div><span class=\"vc-row-half-bg left\" style=\"background-color:#f5f0e9;border-radius:0px 0px 5px 0px;\"><\/span><\/div><div class=\"wpb_column vc_column_container vc_col-sm-6\"><div class=\"vc_column-inner\"><div class=\"wpb_wrapper\">\r\n\t<div class=\"agrikole-parallax-box\"><div class=\"parallax-wrap\"><div class=\"agrikole-parallax-item\" style=\"left:auto;right:-47%;margin-top:37%;border-radius:0px 5px 5px 0px;\" data-parallax='{\"y\" : -30, \"smoothness\" : 30}' data-top=\"37%\"><img decoding=\"async\" class=\"parallax-image\" src=\"https:\/\/sauplant.pl\/wp-content\/uploads\/2020\/02\/circle.png\" alt=\"image\"><\/div><div class=\"agrikole-parallax-item\" style=\"left:-15px;margin-top:18%;border-radius:0px 5px 5px 0px;\" data-parallax='{\"y\" : -50, \"smoothness\" : 30}' data-top=\"18%\"><img decoding=\"async\" class=\"parallax-image\" src=\"https:\/\/sauplant.pl\/wp-content\/uploads\/2024\/04\/services-copy.jpg\" alt=\"image\"><\/div><\/div><\/div><\/div><\/div><\/div><\/div><\/div><\/div><\/div><\/div><\/div><\/div><\/div><\/section><\/div>\n<\/div>","protected":false},"excerpt":{"rendered":"US\u0141UGI ROLNICZE Pe\u0142en zakres obs\u0142ugi - od pola do sto\u0142u W Sauplant rozumiemy, \u017ce rolnictwo to nie tylko uprawa, ale i szereg dzia\u0142a\u0144 wspieraj\u0105cych plony i efektywno\u015b\u0107 pracy na polu. Dlatego opr\u00f3cz hodowli wy\u015bmienitych, s\u0142odkich truskawek, oferujemy kompleksowe us\u0142ugi rolnicze. Z nami ka\u017cde zadanie rolnicze staje si\u0119 prostsze i bardziej","protected":false},"author":1,"featured_media":0,"parent":0,"menu_order":0,"comment_status":"closed","ping_status":"closed","template":"","meta":{"_monsterinsights_skip_tracking":false,"_monsterinsights_sitenote_active":false,"_monsterinsights_sitenote_note":"","_monsterinsights_sitenote_category":0,"footnotes":""},"class_list":["post-1326","page","type-page","status-publish","hentry"],"aioseo_notices":[],"_links":{"self":[{"href":"https:\/\/sauplant.pl\/en\/wp-json\/wp\/v2\/pages\/1326","targetHints":{"allow":["GET"]}}],"collection":[{"href":"https:\/\/sauplant.pl\/en\/wp-json\/wp\/v2\/pages"}],"about":[{"href":"https:\/\/sauplant.pl\/en\/wp-json\/wp\/v2\/types\/page"}],"author":[{"embeddable":true,"href":"https:\/\/sauplant.pl\/en\/wp-json\/wp\/v2\/users\/1"}],"replies":[{"embeddable":true,"href":"https:\/\/sauplant.pl\/en\/wp-json\/wp\/v2\/comments?post=1326"}],"version-history":[{"count":31,"href":"https:\/\/sauplant.pl\/en\/wp-json\/wp\/v2\/pages\/1326\/revisions"}],"predecessor-version":[{"id":14748,"href":"https:\/\/sauplant.pl\/en\/wp-json\/wp\/v2\/pages\/1326\/revisions\/14748"}],"wp:attachment":[{"href":"https:\/\/sauplant.pl\/en\/wp-json\/wp\/v2\/media?parent=1326"}],"curies":[{"name":"wp","href":"https:\/\/api.w.org\/{rel}","templated":true}]}}