{"id":1316,"date":"2017-10-16T04:10:26","date_gmt":"2017-10-16T04:10:26","guid":{"rendered":"http:\/\/ninzio.com\/agrikole\/?page_id=1316"},"modified":"2024-04-24T16:20:46","modified_gmt":"2024-04-24T16:20:46","slug":"about-us","status":"publish","type":"page","link":"https:\/\/sauplant.pl\/en\/about-us\/","title":{"rendered":"O nas"},"content":{"rendered":"<div class=\"wpb-content-wrapper\"><div class=\"vc-custom-col-spacing clearfix vc-col-spacing-30\"><section class=\"wpb_row vc_row-fluid overflow-visible row-content-position-Default\"><div class=\"agrikole-container\"><div class=\"row-inner clearfix\"><div class=\"wpb_column vc_column_container vc_col-sm-12\"><div class=\"vc_column-inner\"><div class=\"wpb_wrapper\">\r\n\t<div class=\"agrikole-spacer clearfix\" data-desktop=\"110\" data-mobi=\"60\" data-smobi=\"60\"><\/div><div class=\"agrikole-content-box clearfix\" ><div class=\"vc-custom-col-inner-spacing clearfix vc-col-inner-spacing-30\"><div class=\"wpb_row vc_inner vc_row-fluid\"><div class=\"wpb_column vc_column_container vc_col-sm-6\"><div class=\"vc_column-inner\"><div class=\"wpb_wrapper\"><div class=\"agrikole-headings clearfix\" data-font=\"70\" data-mfont=\"60\" style=\"\"><div class=\"pre-heading clearfix\" style=\"font-weight:600;color:#5b8c51;font-size:14px;letter-spacing:3px;\">\r\n\t\tO SAUPLANT\r\n\t<\/div><h2 class=\"heading clearfix\" style=\"line-height:70px;font-size:70px;\">\r\n\t\tTruskawki z Histori\u0105 \u2013 Smak, Kt\u00f3ry Pami\u0119tasz!\r\n\t<\/h2><div class=\"sep clearfix\" style=\"margin:5px 0 0;\">\r\n\t\t\t\t<img decoding=\"async\" alt=\"image\" src=\"https:\/\/sauplant.pl\/wp-content\/uploads\/2020\/01\/separator.png\">\r\n\t\t\t<\/div><\/div><\/div><\/div><\/div><div class=\"wpb_column vc_column_container vc_col-sm-6\"><div class=\"vc_column-inner\"><div class=\"wpb_wrapper\">\r\n\t<div class=\"agrikole-spacer clearfix\" data-desktop=\"37\" data-mobi=\"37\" data-smobi=\"37\"><\/div>\n\t<div class=\"wpb_text_column wpb_content_element\" >\n\t\t<div class=\"wpb_wrapper\">\n\t\t\t<p>Za\u0142o\u017cone przez naszego tat\u0119, nasze gospodarstwo pocz\u0105tkowo skupia\u0142o si\u0119 na r\u00f3\u017cnorodno\u015bci lokalnych warzyw. Dzisiaj, Sauplant jest synonimem najwy\u017cszej jako\u015bci truskawek, kt\u00f3re s\u0105 wynikiem dziedzictwa przekazywanego z pokolenia na pokolenie. Ka\u017cde nowe pokolenie wnosi innowacje i \u015bwie\u017ce pomys\u0142y, kt\u00f3re wspieraj\u0105 nasze zobowi\u0105zanie do doskona\u0142o\u015bci i klienta.<\/p>\n<p>Nasze zaanga\u017cowanie w jako\u015b\u0107 i zadowolenie klienta jest odzwierciedleniem naszych warto\u015bci rodzinnych. W Sauplant, ka\u017cda truskawka jest nie tylko produktem, ale cz\u0119\u015bci\u0105 naszej historii i tradycji, kt\u00f3r\u0105 ch\u0119tnie dzielimy si\u0119 z ka\u017cdym, kto odwiedza nasze gospodarstwo.<\/p>\n\n\t\t<\/div>\n\t<\/div>\n<\/div><\/div><\/div><\/div><\/div><\/div>\r\n\t<div class=\"agrikole-spacer clearfix\" data-desktop=\"55\" data-mobi=\"30\" data-smobi=\"30\"><\/div><div class=\"agrikole-content-box clearfix\" ><div class=\"vc-custom-col-inner-spacing clearfix vc-col-inner-spacing-30\"><div class=\"wpb_row vc_inner vc_row-fluid\"><div class=\"wpb_column vc_column_container vc_col-sm-8\"><div class=\"vc_column-inner\"><div class=\"wpb_wrapper\"><div class=\"agrikole-images-grid clearfix\" data-layout=\"grid\" data-column=\"4\" data-column2=\"3\" data-column3=\"2\" data-column4=\"1\" data-gaph=\"30\" data-gapv=\"30\"><div id=\"images-wrap\" class=\"cbp\"><div class=\"cbp-item\"><div class=\"item-wrap\" style=\"border-radius:5px;overflow:hidden;\"><a class=\"zoom-popup cbp-lightbox\" href=\"https:\/\/sauplant.pl\/wp-content\/uploads\/2020\/02\/about-img1.jpg\"><\/a><img decoding=\"async\" src=\"https:\/\/sauplant.pl\/wp-content\/uploads\/2020\/02\/about-img1.jpg\" alt=\"image\" \/><\/div><\/div><div class=\"cbp-item\"><div class=\"item-wrap\" style=\"border-radius:5px;overflow:hidden;\"><a class=\"zoom-popup cbp-lightbox\" href=\"https:\/\/sauplant.pl\/wp-content\/uploads\/2024\/04\/family-copy1.jpg\"><\/a><img decoding=\"async\" src=\"https:\/\/sauplant.pl\/wp-content\/uploads\/2024\/04\/family-copy1.jpg\" alt=\"image\" \/><\/div><\/div><\/div><\/div>\r\n\t<div class=\"agrikole-spacer clearfix\" data-desktop=\"0\" data-mobi=\"30\" data-smobi=\"30\"><\/div><\/div><\/div><\/div><div class=\"wpb_column vc_column_container vc_col-sm-4\"><div class=\"vc_column-inner\"><div class=\"wpb_wrapper\"><div class=\"agrikole-content-box clearfix overflow-hidden\" data-padding=\"131px 40px 131px\" data-mobipadding=\"131px 40px 131px\" data-margin=\"\" data-mobimargin=\"\" >\r\n\t\t<div class=\"inner ctb-305843719\" style=\"background:url(https:\/\/sauplant.pl\/wp-content\/uploads\/2020\/02\/about-img3.jpg) left top no-repeat;background-size:cover;\"  data-background=\"\" data-rounded=\"5px\" data-border-style=\"solid\" data-border-style-hover=\"solid\">\r\n\t\t\t\n\t<div class=\"wpb_text_column wpb_content_element\" >\n\t\t<div class=\"wpb_wrapper\">\n\t\t\t<h3 style=\"font-size: 50px; line-height: 70px; color: #eddd5e; text-align: center;\"><strong>Sauplant \u2013 Gdzie Tradycja Spotyka Innowacj\u0119<\/strong><\/h3>\n\n\t\t<\/div>\n\t<\/div>\n\r\n\t\t<\/div>\r\n\t<\/div><\/div><\/div><\/div><\/div><\/div><\/div>\r\n\t<div class=\"agrikole-spacer clearfix\" data-desktop=\"120\" data-mobi=\"60\" data-smobi=\"60\"><\/div><\/div><\/div><\/div><\/div><\/div><\/section><\/div><div class=\"vc-custom-col-spacing clearfix vc-col-spacing-30\"><section class=\"wpb_row vc_row-fluid vc_custom_1582085502643 vc_row-has-fill row-content-position-Default\"><div class=\"agrikole-container\"><div class=\"row-inner clearfix\"><div class=\"wpb_column vc_column_container vc_col-sm-12\"><div class=\"vc_column-inner\"><div class=\"wpb_wrapper\">\r\n\t<div class=\"agrikole-spacer clearfix\" data-desktop=\"107\" data-mobi=\"60\" data-smobi=\"60\"><\/div><div class=\"agrikole-headings clearfix text-center\" data-font=\"70\" data-mfont=\"60\" style=\"\"><h2 class=\"heading clearfix\" style=\"color:#ffffff;max-width:860px;margin-left: auto; margin-right: auto;line-height:82px;margin-bottom:18px;font-size:70px;\">\r\n\t\tPrzekraczamy Twoje oczekiwania!\r\n\t<\/h2><div class=\"sub-heading clearfix\">\r\n\t\t<div style=\"font-size: 20px; color: #fff;\">\n<p>Sauplant \u2013 Jako\u015b\u0107, kt\u00f3ra zachwyca<\/p>\n<p>W Sauplant tworzymy produkty, kt\u00f3re spe\u0142niaj\u0105 naj\u015bmielsze oczekiwania naszych klient\u00f3w. Z pasj\u0105 dostarczamy nie tylko najwy\u017cszej jako\u015bci, s\u0142odkie truskawki przypominaj\u0105ce smak u babci, ale tak\u017ce \u015bwie\u017cy b\u00f3b i profesjonalne us\u0142ugi rolnicze. Poznaj nasz\u0105 ofert\u0119 i do\u015bwiadcz r\u00f3\u017cnicy, kt\u00f3r\u0105 wnosi prawdziwa jako\u015b\u0107 i zami\u0142owanie do rolnictwa.<\/p>\n<\/div>\n\r\n\t<\/div><\/div>\r\n\t<div class=\"agrikole-spacer clearfix\" data-desktop=\"50\" data-mobi=\"40\" data-smobi=\"40\"><\/div>\r\n\t<div class=\"agrikole-spacer clearfix\" data-desktop=\"120\" data-mobi=\"60\" data-smobi=\"60\"><\/div><\/div><\/div><\/div><\/div><\/div><\/section><\/div>\n<\/div>","protected":false},"excerpt":{"rendered":"O SAUPLANT Truskawki z Histori\u0105 \u2013 Smak, Kt\u00f3ry Pami\u0119tasz! Za\u0142o\u017cone przez naszego tat\u0119, nasze gospodarstwo pocz\u0105tkowo skupia\u0142o si\u0119 na r\u00f3\u017cnorodno\u015bci lokalnych warzyw. Dzisiaj, Sauplant jest synonimem najwy\u017cszej jako\u015bci truskawek, kt\u00f3re s\u0105 wynikiem dziedzictwa przekazywanego z pokolenia na pokolenie. Ka\u017cde nowe pokolenie wnosi innowacje i \u015bwie\u017ce pomys\u0142y, kt\u00f3re wspieraj\u0105 nasze zobowi\u0105zanie","protected":false},"author":1,"featured_media":0,"parent":0,"menu_order":0,"comment_status":"closed","ping_status":"closed","template":"","meta":{"_monsterinsights_skip_tracking":false,"_monsterinsights_sitenote_active":false,"_monsterinsights_sitenote_note":"","_monsterinsights_sitenote_category":0,"footnotes":""},"class_list":["post-1316","page","type-page","status-publish","hentry"],"aioseo_notices":[],"_links":{"self":[{"href":"https:\/\/sauplant.pl\/en\/wp-json\/wp\/v2\/pages\/1316","targetHints":{"allow":["GET"]}}],"collection":[{"href":"https:\/\/sauplant.pl\/en\/wp-json\/wp\/v2\/pages"}],"about":[{"href":"https:\/\/sauplant.pl\/en\/wp-json\/wp\/v2\/types\/page"}],"author":[{"embeddable":true,"href":"https:\/\/sauplant.pl\/en\/wp-json\/wp\/v2\/users\/1"}],"replies":[{"embeddable":true,"href":"https:\/\/sauplant.pl\/en\/wp-json\/wp\/v2\/comments?post=1316"}],"version-history":[{"count":16,"href":"https:\/\/sauplant.pl\/en\/wp-json\/wp\/v2\/pages\/1316\/revisions"}],"predecessor-version":[{"id":14795,"href":"https:\/\/sauplant.pl\/en\/wp-json\/wp\/v2\/pages\/1316\/revisions\/14795"}],"wp:attachment":[{"href":"https:\/\/sauplant.pl\/en\/wp-json\/wp\/v2\/media?parent=1316"}],"curies":[{"name":"wp","href":"https:\/\/api.w.org\/{rel}","templated":true}]}}